{"id":250,"date":"2026-04-13T09:23:19","date_gmt":"2026-04-13T09:23:19","guid":{"rendered":"https:\/\/albergodellaposta.com\/wp\/?page_id=250"},"modified":"2026-04-15T09:45:46","modified_gmt":"2026-04-15T09:45:46","slug":"la-torta-di-mele-della-nonna","status":"publish","type":"page","link":"https:\/\/albergodellaposta.com\/wp\/?page_id=250","title":{"rendered":"LA TORTA DI MELE DELLA NONNA"},"content":{"rendered":"<div class=\"wp-block-image\">\n<figure class=\"aligncenter size-large\"><img fetchpriority=\"high\" decoding=\"async\" width=\"1024\" height=\"564\" src=\"https:\/\/albergodellaposta.com\/wp\/wp-content\/uploads\/2026\/04\/DSC1944-1024x564.jpg\" alt=\"\" class=\"wp-image-243\" srcset=\"https:\/\/albergodellaposta.com\/wp\/wp-content\/uploads\/2026\/04\/DSC1944-1024x564.jpg 1024w, https:\/\/albergodellaposta.com\/wp\/wp-content\/uploads\/2026\/04\/DSC1944-300x165.jpg 300w, https:\/\/albergodellaposta.com\/wp\/wp-content\/uploads\/2026\/04\/DSC1944-768x423.jpg 768w, https:\/\/albergodellaposta.com\/wp\/wp-content\/uploads\/2026\/04\/DSC1944-1536x846.jpg 1536w, https:\/\/albergodellaposta.com\/wp\/wp-content\/uploads\/2026\/04\/DSC1944.jpg 1920w\" sizes=\"(max-width: 1024px) 100vw, 1024px\" \/><\/figure><\/div>\n\n\n<p class=\"has-medium-font-size\"><br>Pu\u00f2 sembrare banale parlare di una torta di mele: tanti la fanno e poi se \u00e8 una torta di mele che cosa pu\u00f2 avere di diverso e speciale<\/p>\n\n\n\n<p class=\"has-medium-font-size\">Diciamo che \u00e8 una ricetta di un tempo, quando si amavano gusti semplici e ricchi.<\/p>\n\n\n\n<p class=\"has-medium-font-size\">Ecco allora una torta di mele dal un morbido impasto, un&#8217;abbondanza di mele che non sono di copertura ma la compongono fondendosi in una dolce marmellata, sembra un tutt\u2019uno con l\u2019impasto.<\/p>\n\n\n\n<p class=\"has-medium-font-size\">Una delizia per il palato, un gusto dolce non nauseante, una fragranza di mele che si sciolgono in bocca.<\/p>\n\n\n\n<p class=\"has-medium-font-size\">Mangiarla \u00e8 un piacere da provare e poi\u2026<br>\u2026 un piacere non si abbandona. si ripete!<\/p>\n\n\n\n<p><\/p>\n","protected":false},"excerpt":{"rendered":"<p>Pu\u00f2 sembrare banale parlare di una torta di mele: tanti [&hellip;]<\/p>\n","protected":false},"author":1,"featured_media":0,"parent":0,"menu_order":0,"comment_status":"closed","ping_status":"closed","template":"templates\/template-page-full-width.php","meta":{"footnotes":""},"class_list":["post-250","page","type-page","status-publish","hentry"],"yoast_head":"<!-- This site is optimized with the Yoast SEO plugin v27.4 - https:\/\/yoast.com\/product\/yoast-seo-wordpress\/ -->\n<title>LA TORTA DI MELE DELLA NONNA - Albergo Ristorante LA POSTA a Novalesa<\/title>\n<meta name=\"robots\" content=\"index, follow, max-snippet:-1, max-image-preview:large, max-video-preview:-1\" \/>\n<link rel=\"canonical\" href=\"https:\/\/albergodellaposta.com\/wp\/?page_id=250\" \/>\n<meta property=\"og:locale\" content=\"it_IT\" \/>\n<meta property=\"og:type\" content=\"article\" \/>\n<meta property=\"og:title\" content=\"LA TORTA DI MELE DELLA NONNA - Albergo Ristorante LA POSTA a Novalesa\" \/>\n<meta property=\"og:description\" content=\"Pu\u00f2 sembrare banale parlare di una torta di mele: tanti [&hellip;]\" \/>\n<meta property=\"og:url\" content=\"https:\/\/albergodellaposta.com\/wp\/?page_id=250\" \/>\n<meta property=\"og:site_name\" content=\"Albergo Ristorante LA POSTA a Novalesa\" \/>\n<meta property=\"article:modified_time\" content=\"2026-04-15T09:45:46+00:00\" \/>\n<meta property=\"og:image\" content=\"https:\/\/albergodellaposta.com\/wp\/wp-content\/uploads\/2026\/04\/DSC1944.jpg\" \/>\n\t<meta property=\"og:image:width\" content=\"1920\" \/>\n\t<meta property=\"og:image:height\" content=\"1058\" \/>\n\t<meta property=\"og:image:type\" content=\"image\/jpeg\" \/>\n<meta name=\"twitter:card\" content=\"summary_large_image\" \/>\n<meta name=\"twitter:label1\" content=\"Tempo di lettura stimato\" \/>\n\t<meta name=\"twitter:data1\" content=\"1 minuto\" \/>\n<script type=\"application\/ld+json\" class=\"yoast-schema-graph\">{\"@context\":\"https:\\\/\\\/schema.org\",\"@graph\":[{\"@type\":\"WebPage\",\"@id\":\"https:\\\/\\\/albergodellaposta.com\\\/wp\\\/?page_id=250\",\"url\":\"https:\\\/\\\/albergodellaposta.com\\\/wp\\\/?page_id=250\",\"name\":\"LA TORTA DI MELE DELLA NONNA - Albergo Ristorante LA POSTA a Novalesa\",\"isPartOf\":{\"@id\":\"https:\\\/\\\/albergodellaposta.com\\\/wp\\\/#website\"},\"primaryImageOfPage\":{\"@id\":\"https:\\\/\\\/albergodellaposta.com\\\/wp\\\/?page_id=250#primaryimage\"},\"image\":{\"@id\":\"https:\\\/\\\/albergodellaposta.com\\\/wp\\\/?page_id=250#primaryimage\"},\"thumbnailUrl\":\"https:\\\/\\\/albergodellaposta.com\\\/wp\\\/wp-content\\\/uploads\\\/2026\\\/04\\\/DSC1944-1024x564.jpg\",\"datePublished\":\"2026-04-13T09:23:19+00:00\",\"dateModified\":\"2026-04-15T09:45:46+00:00\",\"breadcrumb\":{\"@id\":\"https:\\\/\\\/albergodellaposta.com\\\/wp\\\/?page_id=250#breadcrumb\"},\"inLanguage\":\"it-IT\",\"potentialAction\":[{\"@type\":\"ReadAction\",\"target\":[\"https:\\\/\\\/albergodellaposta.com\\\/wp\\\/?page_id=250\"]}]},{\"@type\":\"ImageObject\",\"inLanguage\":\"it-IT\",\"@id\":\"https:\\\/\\\/albergodellaposta.com\\\/wp\\\/?page_id=250#primaryimage\",\"url\":\"https:\\\/\\\/albergodellaposta.com\\\/wp\\\/wp-content\\\/uploads\\\/2026\\\/04\\\/DSC1944.jpg\",\"contentUrl\":\"https:\\\/\\\/albergodellaposta.com\\\/wp\\\/wp-content\\\/uploads\\\/2026\\\/04\\\/DSC1944.jpg\",\"width\":1920,\"height\":1058},{\"@type\":\"BreadcrumbList\",\"@id\":\"https:\\\/\\\/albergodellaposta.com\\\/wp\\\/?page_id=250#breadcrumb\",\"itemListElement\":[{\"@type\":\"ListItem\",\"position\":1,\"name\":\"Home\",\"item\":\"https:\\\/\\\/albergodellaposta.com\\\/wp\\\/\"},{\"@type\":\"ListItem\",\"position\":2,\"name\":\"LA TORTA DI MELE DELLA NONNA\"}]},{\"@type\":\"WebSite\",\"@id\":\"https:\\\/\\\/albergodellaposta.com\\\/wp\\\/#website\",\"url\":\"https:\\\/\\\/albergodellaposta.com\\\/wp\\\/\",\"name\":\"Albergo Ristorante POSTA a Novalesa\",\"description\":\"\",\"publisher\":{\"@id\":\"https:\\\/\\\/albergodellaposta.com\\\/wp\\\/#organization\"},\"potentialAction\":[{\"@type\":\"SearchAction\",\"target\":{\"@type\":\"EntryPoint\",\"urlTemplate\":\"https:\\\/\\\/albergodellaposta.com\\\/wp\\\/?s={search_term_string}\"},\"query-input\":{\"@type\":\"PropertyValueSpecification\",\"valueRequired\":true,\"valueName\":\"search_term_string\"}}],\"inLanguage\":\"it-IT\"},{\"@type\":\"Organization\",\"@id\":\"https:\\\/\\\/albergodellaposta.com\\\/wp\\\/#organization\",\"name\":\"Albergo Ristorante POSTA a Novalesa\",\"url\":\"https:\\\/\\\/albergodellaposta.com\\\/wp\\\/\",\"logo\":{\"@type\":\"ImageObject\",\"inLanguage\":\"it-IT\",\"@id\":\"https:\\\/\\\/albergodellaposta.com\\\/wp\\\/#\\\/schema\\\/logo\\\/image\\\/\",\"url\":\"https:\\\/\\\/albergodellaposta.com\\\/wp\\\/wp-content\\\/uploads\\\/2026\\\/03\\\/LOGO32b-2.jpg\",\"contentUrl\":\"https:\\\/\\\/albergodellaposta.com\\\/wp\\\/wp-content\\\/uploads\\\/2026\\\/03\\\/LOGO32b-2.jpg\",\"width\":64,\"height\":52,\"caption\":\"Albergo Ristorante POSTA a Novalesa\"},\"image\":{\"@id\":\"https:\\\/\\\/albergodellaposta.com\\\/wp\\\/#\\\/schema\\\/logo\\\/image\\\/\"}}]}<\/script>\n<!-- \/ Yoast SEO plugin. -->","yoast_head_json":{"title":"LA TORTA DI MELE DELLA NONNA - Albergo Ristorante LA POSTA a Novalesa","robots":{"index":"index","follow":"follow","max-snippet":"max-snippet:-1","max-image-preview":"max-image-preview:large","max-video-preview":"max-video-preview:-1"},"canonical":"https:\/\/albergodellaposta.com\/wp\/?page_id=250","og_locale":"it_IT","og_type":"article","og_title":"LA TORTA DI MELE DELLA NONNA - Albergo Ristorante LA POSTA a Novalesa","og_description":"Pu\u00f2 sembrare banale parlare di una torta di mele: tanti [&hellip;]","og_url":"https:\/\/albergodellaposta.com\/wp\/?page_id=250","og_site_name":"Albergo Ristorante LA POSTA a Novalesa","article_modified_time":"2026-04-15T09:45:46+00:00","og_image":[{"width":1920,"height":1058,"url":"https:\/\/albergodellaposta.com\/wp\/wp-content\/uploads\/2026\/04\/DSC1944.jpg","type":"image\/jpeg"}],"twitter_card":"summary_large_image","twitter_misc":{"Tempo di lettura stimato":"1 minuto"},"schema":{"@context":"https:\/\/schema.org","@graph":[{"@type":"WebPage","@id":"https:\/\/albergodellaposta.com\/wp\/?page_id=250","url":"https:\/\/albergodellaposta.com\/wp\/?page_id=250","name":"LA TORTA DI MELE DELLA NONNA - Albergo Ristorante LA POSTA a Novalesa","isPartOf":{"@id":"https:\/\/albergodellaposta.com\/wp\/#website"},"primaryImageOfPage":{"@id":"https:\/\/albergodellaposta.com\/wp\/?page_id=250#primaryimage"},"image":{"@id":"https:\/\/albergodellaposta.com\/wp\/?page_id=250#primaryimage"},"thumbnailUrl":"https:\/\/albergodellaposta.com\/wp\/wp-content\/uploads\/2026\/04\/DSC1944-1024x564.jpg","datePublished":"2026-04-13T09:23:19+00:00","dateModified":"2026-04-15T09:45:46+00:00","breadcrumb":{"@id":"https:\/\/albergodellaposta.com\/wp\/?page_id=250#breadcrumb"},"inLanguage":"it-IT","potentialAction":[{"@type":"ReadAction","target":["https:\/\/albergodellaposta.com\/wp\/?page_id=250"]}]},{"@type":"ImageObject","inLanguage":"it-IT","@id":"https:\/\/albergodellaposta.com\/wp\/?page_id=250#primaryimage","url":"https:\/\/albergodellaposta.com\/wp\/wp-content\/uploads\/2026\/04\/DSC1944.jpg","contentUrl":"https:\/\/albergodellaposta.com\/wp\/wp-content\/uploads\/2026\/04\/DSC1944.jpg","width":1920,"height":1058},{"@type":"BreadcrumbList","@id":"https:\/\/albergodellaposta.com\/wp\/?page_id=250#breadcrumb","itemListElement":[{"@type":"ListItem","position":1,"name":"Home","item":"https:\/\/albergodellaposta.com\/wp\/"},{"@type":"ListItem","position":2,"name":"LA TORTA DI MELE DELLA NONNA"}]},{"@type":"WebSite","@id":"https:\/\/albergodellaposta.com\/wp\/#website","url":"https:\/\/albergodellaposta.com\/wp\/","name":"Albergo Ristorante POSTA a Novalesa","description":"","publisher":{"@id":"https:\/\/albergodellaposta.com\/wp\/#organization"},"potentialAction":[{"@type":"SearchAction","target":{"@type":"EntryPoint","urlTemplate":"https:\/\/albergodellaposta.com\/wp\/?s={search_term_string}"},"query-input":{"@type":"PropertyValueSpecification","valueRequired":true,"valueName":"search_term_string"}}],"inLanguage":"it-IT"},{"@type":"Organization","@id":"https:\/\/albergodellaposta.com\/wp\/#organization","name":"Albergo Ristorante POSTA a Novalesa","url":"https:\/\/albergodellaposta.com\/wp\/","logo":{"@type":"ImageObject","inLanguage":"it-IT","@id":"https:\/\/albergodellaposta.com\/wp\/#\/schema\/logo\/image\/","url":"https:\/\/albergodellaposta.com\/wp\/wp-content\/uploads\/2026\/03\/LOGO32b-2.jpg","contentUrl":"https:\/\/albergodellaposta.com\/wp\/wp-content\/uploads\/2026\/03\/LOGO32b-2.jpg","width":64,"height":52,"caption":"Albergo Ristorante POSTA a Novalesa"},"image":{"@id":"https:\/\/albergodellaposta.com\/wp\/#\/schema\/logo\/image\/"}}]}},"_links":{"self":[{"href":"https:\/\/albergodellaposta.com\/wp\/index.php?rest_route=\/wp\/v2\/pages\/250","targetHints":{"allow":["GET"]}}],"collection":[{"href":"https:\/\/albergodellaposta.com\/wp\/index.php?rest_route=\/wp\/v2\/pages"}],"about":[{"href":"https:\/\/albergodellaposta.com\/wp\/index.php?rest_route=\/wp\/v2\/types\/page"}],"author":[{"embeddable":true,"href":"https:\/\/albergodellaposta.com\/wp\/index.php?rest_route=\/wp\/v2\/users\/1"}],"replies":[{"embeddable":true,"href":"https:\/\/albergodellaposta.com\/wp\/index.php?rest_route=%2Fwp%2Fv2%2Fcomments&post=250"}],"version-history":[{"count":3,"href":"https:\/\/albergodellaposta.com\/wp\/index.php?rest_route=\/wp\/v2\/pages\/250\/revisions"}],"predecessor-version":[{"id":288,"href":"https:\/\/albergodellaposta.com\/wp\/index.php?rest_route=\/wp\/v2\/pages\/250\/revisions\/288"}],"wp:attachment":[{"href":"https:\/\/albergodellaposta.com\/wp\/index.php?rest_route=%2Fwp%2Fv2%2Fmedia&parent=250"}],"curies":[{"name":"wp","href":"https:\/\/api.w.org\/{rel}","templated":true}]}}